{"id":1912,"date":"2020-11-13T12:22:16","date_gmt":"2020-11-13T11:22:16","guid":{"rendered":"https:\/\/www.lannagaia.com\/abbonamenti-spa-offerte\/"},"modified":"2021-06-16T09:49:33","modified_gmt":"2021-06-16T07:49:33","slug":"abonnements-spa-offres","status":"publish","type":"page","link":"https:\/\/www.lannagaia.com\/fr\/abonnements-spa-offres\/","title":{"rendered":"Offres"},"content":{"rendered":"<p>&nbsp;<\/p>\n<p>&nbsp;<\/p>\n","protected":false},"excerpt":{"rendered":"<p>&nbsp; &nbsp;<\/p>\n","protected":false},"author":2,"featured_media":0,"parent":0,"menu_order":0,"comment_status":"closed","ping_status":"closed","template":"tmpl_abbonamenti.php","meta":[],"yoast_head":"<!-- This site is optimized with the Yoast SEO plugin v15.2 - https:\/\/yoast.com\/wordpress\/plugins\/seo\/ -->\n<title>Parcours bien-\u00eatre - Abonnements spa - Lanna Gaia Venise<\/title>\n<meta name=\"description\" content=\"Offres sp\u00e9ciales personnalisables pour votre bien-\u00eatre. Authentiques rituels tha\u00eflandais pour se r\u00e9g\u00e9n\u00e9rer, r\u00e9\u00e9quilibrer et offrir de fortes \u00e9motions.\" \/>\n<meta name=\"robots\" content=\"index, follow, max-snippet:-1, max-image-preview:large, max-video-preview:-1\" \/>\n<link rel=\"canonical\" href=\"https:\/\/www.lannagaia.com\/fr\/abonnements-spa-offres\/\" \/>\n<meta property=\"og:locale\" content=\"fr_FR\" \/>\n<meta property=\"og:type\" content=\"article\" \/>\n<meta property=\"og:title\" content=\"Parcours bien-\u00eatre - Abonnements spa - Lanna Gaia Venise\" \/>\n<meta property=\"og:description\" content=\"Offres sp\u00e9ciales personnalisables pour votre bien-\u00eatre. Authentiques rituels tha\u00eflandais pour se r\u00e9g\u00e9n\u00e9rer, r\u00e9\u00e9quilibrer et offrir de fortes \u00e9motions.\" \/>\n<meta property=\"og:url\" content=\"https:\/\/www.lannagaia.com\/fr\/abonnements-spa-offres\/\" \/>\n<meta property=\"og:site_name\" content=\"Lanna Gaia Venezia\" \/>\n<meta property=\"article:modified_time\" content=\"2021-06-16T07:49:33+00:00\" \/>\n<meta name=\"twitter:card\" content=\"summary_large_image\" \/>\n<meta name=\"twitter:label1\" value=\"\u00c9crit par\">\n\t<meta name=\"twitter:data1\" value=\"tessari-admin\">\n\t<meta name=\"twitter:label2\" value=\"Dur\u00e9e de lecture est.\">\n\t<meta name=\"twitter:data2\" value=\"0 minute\">\n<script type=\"application\/ld+json\" class=\"yoast-schema-graph\">{\"@context\":\"https:\/\/schema.org\",\"@graph\":[{\"@type\":\"WebSite\",\"@id\":\"https:\/\/www.lannagaia.com\/#website\",\"url\":\"https:\/\/www.lannagaia.com\/\",\"name\":\"Lanna Gaia Venezia\",\"description\":\"Centro benessere a Venezia e Thai Spa\",\"inLanguage\":\"fr-FR\"},{\"@type\":\"WebPage\",\"@id\":\"https:\/\/www.lannagaia.com\/fr\/abonnements-spa-offres\/#webpage\",\"url\":\"https:\/\/www.lannagaia.com\/fr\/abonnements-spa-offres\/\",\"name\":\"Parcours bien-\\u00eatre - Abonnements spa - Lanna Gaia Venise\",\"isPartOf\":{\"@id\":\"https:\/\/www.lannagaia.com\/#website\"},\"datePublished\":\"2020-11-13T11:22:16+00:00\",\"dateModified\":\"2021-06-16T07:49:33+00:00\",\"description\":\"Offres sp\\u00e9ciales personnalisables pour votre bien-\\u00eatre. Authentiques rituels tha\\u00eflandais pour se r\\u00e9g\\u00e9n\\u00e9rer, r\\u00e9\\u00e9quilibrer et offrir de fortes \\u00e9motions.\",\"inLanguage\":\"fr-FR\",\"potentialAction\":[{\"@type\":\"ReadAction\",\"target\":[\"https:\/\/www.lannagaia.com\/fr\/abonnements-spa-offres\/\"]}]}]}<\/script>\n<!-- \/ Yoast SEO plugin. -->","_links":{"self":[{"href":"https:\/\/www.lannagaia.com\/fr\/wp-json\/wp\/v2\/pages\/1912"}],"collection":[{"href":"https:\/\/www.lannagaia.com\/fr\/wp-json\/wp\/v2\/pages"}],"about":[{"href":"https:\/\/www.lannagaia.com\/fr\/wp-json\/wp\/v2\/types\/page"}],"author":[{"embeddable":true,"href":"https:\/\/www.lannagaia.com\/fr\/wp-json\/wp\/v2\/users\/2"}],"replies":[{"embeddable":true,"href":"https:\/\/www.lannagaia.com\/fr\/wp-json\/wp\/v2\/comments?post=1912"}],"version-history":[{"count":1,"href":"https:\/\/www.lannagaia.com\/fr\/wp-json\/wp\/v2\/pages\/1912\/revisions"}],"predecessor-version":[{"id":2312,"href":"https:\/\/www.lannagaia.com\/fr\/wp-json\/wp\/v2\/pages\/1912\/revisions\/2312"}],"wp:attachment":[{"href":"https:\/\/www.lannagaia.com\/fr\/wp-json\/wp\/v2\/media?parent=1912"}],"curies":[{"name":"wp","href":"https:\/\/api.w.org\/{rel}","templated":true}]}}