{"id":1908,"date":"2020-04-07T15:07:15","date_gmt":"2020-04-07T13:07:15","guid":{"rendered":"https:\/\/www.lannagaia.com\/spa-thailandese\/"},"modified":"2021-06-24T09:31:11","modified_gmt":"2021-06-24T07:31:11","slug":"spa-thailandais","status":"publish","type":"page","link":"https:\/\/www.lannagaia.com\/fr\/spa-thailandais\/","title":{"rendered":"Notre SPA"},"content":{"rendered":"<p>&nbsp;<\/p>\n<p>&nbsp;<\/p>\n<p>&nbsp;<\/p>\n<p>&nbsp;<\/p>\n<p>&nbsp;<\/p>\n<p>&nbsp;<\/p>\n<p>&nbsp;<\/p>\n<p>&nbsp;<\/p>\n","protected":false},"excerpt":{"rendered":"<p>&nbsp; &nbsp; &nbsp; &nbsp; &nbsp; &nbsp; &nbsp; &nbsp;<\/p>\n","protected":false},"author":1,"featured_media":0,"parent":0,"menu_order":0,"comment_status":"closed","ping_status":"closed","template":"tmpl_facilities.php","meta":[],"yoast_head":"<!-- This site is optimized with the Yoast SEO plugin v15.2 - https:\/\/yoast.com\/wordpress\/plugins\/seo\/ -->\n<title>Spa et hammam a Venise - Lanna Gaia<\/title>\n<meta name=\"description\" content=\"Le SPA de Lanna Gaia est l\u2019endroit id\u00e9al pour se red\u00e9couvrir et se conc\u00e9der une pr\u00e9cieuse pause de tranquillit\u00e9, avec bain turc, sauna, parcours Kneipp et plus encore.\" \/>\n<meta name=\"robots\" content=\"index, follow, max-snippet:-1, max-image-preview:large, max-video-preview:-1\" \/>\n<link rel=\"canonical\" href=\"https:\/\/www.lannagaia.com\/fr\/spa-thailandais\/\" \/>\n<meta property=\"og:locale\" content=\"fr_FR\" \/>\n<meta property=\"og:type\" content=\"article\" \/>\n<meta property=\"og:title\" content=\"Spa et hammam a Venise - Lanna Gaia\" \/>\n<meta property=\"og:description\" content=\"Le SPA de Lanna Gaia est l\u2019endroit id\u00e9al pour se red\u00e9couvrir et se conc\u00e9der une pr\u00e9cieuse pause de tranquillit\u00e9, avec bain turc, sauna, parcours Kneipp et plus encore.\" \/>\n<meta property=\"og:url\" content=\"https:\/\/www.lannagaia.com\/fr\/spa-thailandais\/\" \/>\n<meta property=\"og:site_name\" content=\"Lanna Gaia Venezia\" \/>\n<meta property=\"article:modified_time\" content=\"2021-06-24T07:31:11+00:00\" \/>\n<meta name=\"twitter:card\" content=\"summary_large_image\" \/>\n<meta name=\"twitter:label1\" value=\"\u00c9crit par\">\n\t<meta name=\"twitter:data1\" value=\"newwave-admin\">\n\t<meta name=\"twitter:label2\" value=\"Dur\u00e9e de lecture est.\">\n\t<meta name=\"twitter:data2\" value=\"0 minute\">\n<script type=\"application\/ld+json\" class=\"yoast-schema-graph\">{\"@context\":\"https:\/\/schema.org\",\"@graph\":[{\"@type\":\"WebSite\",\"@id\":\"https:\/\/www.lannagaia.com\/#website\",\"url\":\"https:\/\/www.lannagaia.com\/\",\"name\":\"Lanna Gaia Venezia\",\"description\":\"Centro benessere a Venezia e Thai Spa\",\"inLanguage\":\"fr-FR\"},{\"@type\":\"WebPage\",\"@id\":\"https:\/\/www.lannagaia.com\/fr\/spa-thailandais\/#webpage\",\"url\":\"https:\/\/www.lannagaia.com\/fr\/spa-thailandais\/\",\"name\":\"Spa et hammam a Venise - Lanna Gaia\",\"isPartOf\":{\"@id\":\"https:\/\/www.lannagaia.com\/#website\"},\"datePublished\":\"2020-04-07T13:07:15+00:00\",\"dateModified\":\"2021-06-24T07:31:11+00:00\",\"description\":\"Le SPA de Lanna Gaia est l\\u2019endroit id\\u00e9al pour se red\\u00e9couvrir et se conc\\u00e9der une pr\\u00e9cieuse pause de tranquillit\\u00e9, avec bain turc, sauna, parcours Kneipp et plus encore.\",\"inLanguage\":\"fr-FR\",\"potentialAction\":[{\"@type\":\"ReadAction\",\"target\":[\"https:\/\/www.lannagaia.com\/fr\/spa-thailandais\/\"]}]}]}<\/script>\n<!-- \/ Yoast SEO plugin. -->","_links":{"self":[{"href":"https:\/\/www.lannagaia.com\/fr\/wp-json\/wp\/v2\/pages\/1908"}],"collection":[{"href":"https:\/\/www.lannagaia.com\/fr\/wp-json\/wp\/v2\/pages"}],"about":[{"href":"https:\/\/www.lannagaia.com\/fr\/wp-json\/wp\/v2\/types\/page"}],"author":[{"embeddable":true,"href":"https:\/\/www.lannagaia.com\/fr\/wp-json\/wp\/v2\/users\/1"}],"replies":[{"embeddable":true,"href":"https:\/\/www.lannagaia.com\/fr\/wp-json\/wp\/v2\/comments?post=1908"}],"version-history":[{"count":2,"href":"https:\/\/www.lannagaia.com\/fr\/wp-json\/wp\/v2\/pages\/1908\/revisions"}],"predecessor-version":[{"id":2300,"href":"https:\/\/www.lannagaia.com\/fr\/wp-json\/wp\/v2\/pages\/1908\/revisions\/2300"}],"wp:attachment":[{"href":"https:\/\/www.lannagaia.com\/fr\/wp-json\/wp\/v2\/media?parent=1908"}],"curies":[{"name":"wp","href":"https:\/\/api.w.org\/{rel}","templated":true}]}}