{"id":1898,"date":"2020-04-08T14:47:55","date_gmt":"2020-04-08T12:47:55","guid":{"rendered":"https:\/\/www.lannagaia.com\/subscriptions\/"},"modified":"2022-11-29T11:54:47","modified_gmt":"2022-11-29T10:54:47","slug":"voucher-cadeau-spa","status":"publish","type":"page","link":"https:\/\/www.lannagaia.com\/fr\/voucher-cadeau-spa\/","title":{"rendered":"Cadeaux"},"content":{"rendered":"","protected":false},"excerpt":{"rendered":"","protected":false},"author":1,"featured_media":0,"parent":0,"menu_order":6,"comment_status":"closed","ping_status":"closed","template":"tmpl_abbonamenti.php","meta":[],"yoast_head":"<!-- This site is optimized with the Yoast SEO plugin v15.2 - https:\/\/yoast.com\/wordpress\/plugins\/seo\/ -->\n<title>Offrez une exp\u00e9rience relaxante - Voucher cadeau spa - Lanna Gaia<\/title>\n<meta name=\"description\" content=\"Chaque cadeau Lanna Gaia renferme une exp\u00e9rience unique de bien-\u00eatre, des trait\u00e9s tha\u00eflandais capables de donner des \u00e9motions fortes et de vivre des moments uniques.\" \/>\n<meta name=\"robots\" content=\"index, follow, max-snippet:-1, max-image-preview:large, max-video-preview:-1\" \/>\n<link rel=\"canonical\" href=\"https:\/\/www.lannagaia.com\/fr\/voucher-cadeau-spa\/\" \/>\n<meta property=\"og:locale\" content=\"fr_FR\" \/>\n<meta property=\"og:type\" content=\"article\" \/>\n<meta property=\"og:title\" content=\"Offrez une exp\u00e9rience relaxante - Voucher cadeau spa - Lanna Gaia\" \/>\n<meta property=\"og:description\" content=\"Chaque cadeau Lanna Gaia renferme une exp\u00e9rience unique de bien-\u00eatre, des trait\u00e9s tha\u00eflandais capables de donner des \u00e9motions fortes et de vivre des moments uniques.\" \/>\n<meta property=\"og:url\" content=\"https:\/\/www.lannagaia.com\/fr\/voucher-cadeau-spa\/\" \/>\n<meta property=\"og:site_name\" content=\"Lanna Gaia Venezia\" \/>\n<meta property=\"article:modified_time\" content=\"2022-11-29T10:54:47+00:00\" \/>\n<meta name=\"twitter:card\" content=\"summary_large_image\" \/>\n<meta name=\"twitter:label1\" value=\"\u00c9crit par\">\n\t<meta name=\"twitter:data1\" value=\"newwave-admin\">\n<script type=\"application\/ld+json\" class=\"yoast-schema-graph\">{\"@context\":\"https:\/\/schema.org\",\"@graph\":[{\"@type\":\"WebSite\",\"@id\":\"https:\/\/www.lannagaia.com\/#website\",\"url\":\"https:\/\/www.lannagaia.com\/\",\"name\":\"Lanna Gaia Venezia\",\"description\":\"Centro benessere a Venezia e Thai Spa\",\"inLanguage\":\"fr-FR\"},{\"@type\":\"WebPage\",\"@id\":\"https:\/\/www.lannagaia.com\/fr\/voucher-cadeau-spa\/#webpage\",\"url\":\"https:\/\/www.lannagaia.com\/fr\/voucher-cadeau-spa\/\",\"name\":\"Offrez une exp\\u00e9rience relaxante - Voucher cadeau spa - Lanna Gaia\",\"isPartOf\":{\"@id\":\"https:\/\/www.lannagaia.com\/#website\"},\"datePublished\":\"2020-04-08T12:47:55+00:00\",\"dateModified\":\"2022-11-29T10:54:47+00:00\",\"description\":\"Chaque cadeau Lanna Gaia renferme une exp\\u00e9rience unique de bien-\\u00eatre, des trait\\u00e9s tha\\u00eflandais capables de donner des \\u00e9motions fortes et de vivre des moments uniques.\",\"inLanguage\":\"fr-FR\",\"potentialAction\":[{\"@type\":\"ReadAction\",\"target\":[\"https:\/\/www.lannagaia.com\/fr\/voucher-cadeau-spa\/\"]}]}]}<\/script>\n<!-- \/ Yoast SEO plugin. -->","_links":{"self":[{"href":"https:\/\/www.lannagaia.com\/fr\/wp-json\/wp\/v2\/pages\/1898"}],"collection":[{"href":"https:\/\/www.lannagaia.com\/fr\/wp-json\/wp\/v2\/pages"}],"about":[{"href":"https:\/\/www.lannagaia.com\/fr\/wp-json\/wp\/v2\/types\/page"}],"author":[{"embeddable":true,"href":"https:\/\/www.lannagaia.com\/fr\/wp-json\/wp\/v2\/users\/1"}],"replies":[{"embeddable":true,"href":"https:\/\/www.lannagaia.com\/fr\/wp-json\/wp\/v2\/comments?post=1898"}],"version-history":[{"count":3,"href":"https:\/\/www.lannagaia.com\/fr\/wp-json\/wp\/v2\/pages\/1898\/revisions"}],"predecessor-version":[{"id":2485,"href":"https:\/\/www.lannagaia.com\/fr\/wp-json\/wp\/v2\/pages\/1898\/revisions\/2485"}],"wp:attachment":[{"href":"https:\/\/www.lannagaia.com\/fr\/wp-json\/wp\/v2\/media?parent=1898"}],"curies":[{"name":"wp","href":"https:\/\/api.w.org\/{rel}","templated":true}]}}