{"id":1885,"date":"2020-03-19T16:37:21","date_gmt":"2020-03-19T15:37:21","guid":{"rendered":"https:\/\/www.lannagaia.com\/orari-contatti-come-raggiungerci\/"},"modified":"2021-06-16T09:43:28","modified_gmt":"2021-06-16T07:43:28","slug":"horaires-contacts-rejoindre","status":"publish","type":"page","link":"https:\/\/www.lannagaia.com\/fr\/horaires-contacts-rejoindre\/","title":{"rendered":"Acc\u00e8s et horaires"},"content":{"rendered":"","protected":false},"excerpt":{"rendered":"","protected":false},"author":1,"featured_media":0,"parent":0,"menu_order":0,"comment_status":"closed","ping_status":"closed","template":"tmpl_contatti.php","meta":[],"yoast_head":"<!-- This site is optimized with the Yoast SEO plugin v15.2 - https:\/\/yoast.com\/wordpress\/plugins\/seo\/ -->\n<title>\u00c9quilibre et bien-\u00eatre \u00e0 Venise - Lanna Gaia<\/title>\n<meta name=\"description\" content=\"Retrouvez toutes les informations sur les heures d\u2019ouverture du spa, comment nous contacter et comment nous rejoindre \u00e0 Lanna Gaia in Lido di Venezia.\" \/>\n<meta name=\"robots\" content=\"index, follow, max-snippet:-1, max-image-preview:large, max-video-preview:-1\" \/>\n<link rel=\"canonical\" href=\"https:\/\/www.lannagaia.com\/fr\/horaires-contacts-rejoindre\/\" \/>\n<meta property=\"og:locale\" content=\"fr_FR\" \/>\n<meta property=\"og:type\" content=\"article\" \/>\n<meta property=\"og:title\" content=\"\u00c9quilibre et bien-\u00eatre \u00e0 Venise - Lanna Gaia\" \/>\n<meta property=\"og:description\" content=\"Retrouvez toutes les informations sur les heures d\u2019ouverture du spa, comment nous contacter et comment nous rejoindre \u00e0 Lanna Gaia in Lido di Venezia.\" \/>\n<meta property=\"og:url\" content=\"https:\/\/www.lannagaia.com\/fr\/horaires-contacts-rejoindre\/\" \/>\n<meta property=\"og:site_name\" content=\"Lanna Gaia Venezia\" \/>\n<meta property=\"article:modified_time\" content=\"2021-06-16T07:43:28+00:00\" \/>\n<meta name=\"twitter:card\" content=\"summary_large_image\" \/>\n<meta name=\"twitter:label1\" value=\"\u00c9crit par\">\n\t<meta name=\"twitter:data1\" value=\"newwave-admin\">\n<script type=\"application\/ld+json\" class=\"yoast-schema-graph\">{\"@context\":\"https:\/\/schema.org\",\"@graph\":[{\"@type\":\"WebSite\",\"@id\":\"https:\/\/www.lannagaia.com\/#website\",\"url\":\"https:\/\/www.lannagaia.com\/\",\"name\":\"Lanna Gaia Venezia\",\"description\":\"Centro benessere a Venezia e Thai Spa\",\"inLanguage\":\"fr-FR\"},{\"@type\":\"WebPage\",\"@id\":\"https:\/\/www.lannagaia.com\/fr\/horaires-contacts-rejoindre\/#webpage\",\"url\":\"https:\/\/www.lannagaia.com\/fr\/horaires-contacts-rejoindre\/\",\"name\":\"\\u00c9quilibre et bien-\\u00eatre \\u00e0 Venise - Lanna Gaia\",\"isPartOf\":{\"@id\":\"https:\/\/www.lannagaia.com\/#website\"},\"datePublished\":\"2020-03-19T15:37:21+00:00\",\"dateModified\":\"2021-06-16T07:43:28+00:00\",\"description\":\"Retrouvez toutes les informations sur les heures d\\u2019ouverture du spa, comment nous contacter et comment nous rejoindre \\u00e0 Lanna Gaia in Lido di Venezia.\",\"inLanguage\":\"fr-FR\",\"potentialAction\":[{\"@type\":\"ReadAction\",\"target\":[\"https:\/\/www.lannagaia.com\/fr\/horaires-contacts-rejoindre\/\"]}]}]}<\/script>\n<!-- \/ Yoast SEO plugin. -->","_links":{"self":[{"href":"https:\/\/www.lannagaia.com\/fr\/wp-json\/wp\/v2\/pages\/1885"}],"collection":[{"href":"https:\/\/www.lannagaia.com\/fr\/wp-json\/wp\/v2\/pages"}],"about":[{"href":"https:\/\/www.lannagaia.com\/fr\/wp-json\/wp\/v2\/types\/page"}],"author":[{"embeddable":true,"href":"https:\/\/www.lannagaia.com\/fr\/wp-json\/wp\/v2\/users\/1"}],"replies":[{"embeddable":true,"href":"https:\/\/www.lannagaia.com\/fr\/wp-json\/wp\/v2\/comments?post=1885"}],"version-history":[{"count":1,"href":"https:\/\/www.lannagaia.com\/fr\/wp-json\/wp\/v2\/pages\/1885\/revisions"}],"predecessor-version":[{"id":2310,"href":"https:\/\/www.lannagaia.com\/fr\/wp-json\/wp\/v2\/pages\/1885\/revisions\/2310"}],"wp:attachment":[{"href":"https:\/\/www.lannagaia.com\/fr\/wp-json\/wp\/v2\/media?parent=1885"}],"curies":[{"name":"wp","href":"https:\/\/api.w.org\/{rel}","templated":true}]}}