{"id":1874,"date":"2020-03-19T16:10:30","date_gmt":"2020-03-19T15:10:30","guid":{"rendered":"https:\/\/www.lannagaia.com\/homepage-centro-benessere\/"},"modified":"2021-06-24T09:26:56","modified_gmt":"2021-06-24T07:26:56","slug":"homepage-centro-benessere","status":"publish","type":"page","link":"https:\/\/www.lannagaia.com\/fr\/","title":{"rendered":"Home"},"content":{"rendered":"<p>&nbsp;<\/p>\n<p>&nbsp;<\/p>\n<p>&nbsp;<\/p>\n<p>&nbsp;<\/p>\n<p>&nbsp;<\/p>\n<p>&nbsp;<\/p>\n<p>&nbsp;<\/p>\n<p>&nbsp;<\/p>\n<p>&nbsp;<\/p>\n<p>&nbsp;<\/p>\n<p>&nbsp;<\/p>\n<p>&nbsp;<\/p>\n<p>&nbsp;<\/p>\n<p>&nbsp;<\/p>\n<p>&nbsp;<\/p>\n<p>&nbsp;<\/p>\n<p>&nbsp;<\/p>\n","protected":false},"excerpt":{"rendered":"<p>&nbsp; &nbsp; &nbsp; &nbsp; &nbsp; &nbsp; &nbsp; &nbsp; &nbsp; &nbsp; &nbsp; &nbsp; &nbsp; &nbsp; &nbsp; &nbsp; &nbsp;<\/p>\n","protected":false},"author":1,"featured_media":0,"parent":0,"menu_order":-1,"comment_status":"closed","ping_status":"closed","template":"","meta":[],"yoast_head":"<!-- This site is optimized with the Yoast SEO plugin v15.2 - https:\/\/yoast.com\/wordpress\/plugins\/seo\/ -->\n<title>Centre de bien-\u00eatre Venise - Spa massage Venise - Lanna Gaia<\/title>\n<meta name=\"description\" content=\"Diff\u00e9rents objectifs, une seule philosophie : chacun peut trouver son propre chemin vers l\u2019harmonie. Vivez une exp\u00e9rience de r\u00e9g\u00e9n\u00e9ration \u00e0 Lanna Gaia Venezia.\" \/>\n<meta name=\"robots\" content=\"index, follow, max-snippet:-1, max-image-preview:large, max-video-preview:-1\" \/>\n<link rel=\"canonical\" href=\"https:\/\/www.lannagaia.com\/fr\/\" \/>\n<meta property=\"og:locale\" content=\"fr_FR\" \/>\n<meta property=\"og:type\" content=\"article\" \/>\n<meta property=\"og:title\" content=\"Centre de bien-\u00eatre Venise - Spa massage Venise - Lanna Gaia\" \/>\n<meta property=\"og:description\" content=\"Diff\u00e9rents objectifs, une seule philosophie : chacun peut trouver son propre chemin vers l\u2019harmonie. Vivez une exp\u00e9rience de r\u00e9g\u00e9n\u00e9ration \u00e0 Lanna Gaia Venezia.\" \/>\n<meta property=\"og:url\" content=\"https:\/\/www.lannagaia.com\/fr\/\" \/>\n<meta property=\"og:site_name\" content=\"Lanna Gaia Venezia\" \/>\n<meta property=\"article:modified_time\" content=\"2021-06-24T07:26:56+00:00\" \/>\n<meta name=\"twitter:card\" content=\"summary_large_image\" \/>\n<meta name=\"twitter:label1\" value=\"\u00c9crit par\">\n\t<meta name=\"twitter:data1\" value=\"newwave-admin\">\n\t<meta name=\"twitter:label2\" value=\"Dur\u00e9e de lecture est.\">\n\t<meta name=\"twitter:data2\" value=\"0 minute\">\n<script type=\"application\/ld+json\" class=\"yoast-schema-graph\">{\"@context\":\"https:\/\/schema.org\",\"@graph\":[{\"@type\":\"WebSite\",\"@id\":\"https:\/\/www.lannagaia.com\/#website\",\"url\":\"https:\/\/www.lannagaia.com\/\",\"name\":\"Lanna Gaia Venezia\",\"description\":\"Centro benessere a Venezia e Thai Spa\",\"inLanguage\":\"fr-FR\"},{\"@type\":\"WebPage\",\"@id\":\"https:\/\/www.lannagaia.com\/fr\/#webpage\",\"url\":\"https:\/\/www.lannagaia.com\/fr\/\",\"name\":\"Centre de bien-\\u00eatre Venise - Spa massage Venise - Lanna Gaia\",\"isPartOf\":{\"@id\":\"https:\/\/www.lannagaia.com\/#website\"},\"datePublished\":\"2020-03-19T15:10:30+00:00\",\"dateModified\":\"2021-06-24T07:26:56+00:00\",\"description\":\"Diff\\u00e9rents objectifs, une seule philosophie : chacun peut trouver son propre chemin vers l\\u2019harmonie. Vivez une exp\\u00e9rience de r\\u00e9g\\u00e9n\\u00e9ration \\u00e0 Lanna Gaia Venezia.\",\"inLanguage\":\"fr-FR\",\"potentialAction\":[{\"@type\":\"ReadAction\",\"target\":[\"https:\/\/www.lannagaia.com\/fr\/\"]}]}]}<\/script>\n<!-- \/ Yoast SEO plugin. -->","_links":{"self":[{"href":"https:\/\/www.lannagaia.com\/fr\/wp-json\/wp\/v2\/pages\/1874"}],"collection":[{"href":"https:\/\/www.lannagaia.com\/fr\/wp-json\/wp\/v2\/pages"}],"about":[{"href":"https:\/\/www.lannagaia.com\/fr\/wp-json\/wp\/v2\/types\/page"}],"author":[{"embeddable":true,"href":"https:\/\/www.lannagaia.com\/fr\/wp-json\/wp\/v2\/users\/1"}],"replies":[{"embeddable":true,"href":"https:\/\/www.lannagaia.com\/fr\/wp-json\/wp\/v2\/comments?post=1874"}],"version-history":[{"count":1,"href":"https:\/\/www.lannagaia.com\/fr\/wp-json\/wp\/v2\/pages\/1874\/revisions"}],"predecessor-version":[{"id":2257,"href":"https:\/\/www.lannagaia.com\/fr\/wp-json\/wp\/v2\/pages\/1874\/revisions\/2257"}],"wp:attachment":[{"href":"https:\/\/www.lannagaia.com\/fr\/wp-json\/wp\/v2\/media?parent=1874"}],"curies":[{"name":"wp","href":"https:\/\/api.w.org\/{rel}","templated":true}]}}