{"id":1728,"date":"2021-01-13T11:00:08","date_gmt":"2021-01-13T10:00:08","guid":{"rendered":"https:\/\/www.lannagaia.com\/massaggi-thailandesi-tradizionali\/"},"modified":"2022-03-14T16:10:31","modified_gmt":"2022-03-14T15:10:31","slug":"massages-thailandais-traditionnels","status":"publish","type":"page","link":"https:\/\/www.lannagaia.com\/fr\/massages-thailandais-traditionnels\/","title":{"rendered":"Soulager le stress musculaire"},"content":{"rendered":"<p>&nbsp;<\/p>\n<p>&nbsp;<\/p>\n<p>&nbsp;<\/p>\n<p>&nbsp;<\/p>\n<p>&nbsp;<\/p>\n<p>&nbsp;<\/p>\n<p>&nbsp;<\/p>\n<p>&nbsp;<\/p>\n","protected":false},"excerpt":{"rendered":"<p>&nbsp; &nbsp; &nbsp; &nbsp; &nbsp; &nbsp; &nbsp; &nbsp;<\/p>\n","protected":false},"author":1,"featured_media":0,"parent":0,"menu_order":0,"comment_status":"closed","ping_status":"closed","template":"tmpl_beneficio.php","meta":[],"yoast_head":"<!-- This site is optimized with the Yoast SEO plugin v15.2 - https:\/\/yoast.com\/wordpress\/plugins\/seo\/ -->\n<title>Massage et soins tha\u00eflandais a Venise- Lanna Gaia<\/title>\n<meta name=\"description\" content=\"Des traitements naturels tha\u00eflandais pour soulager le stress musculaire. Id\u00e9al pour ceux qui pratiquent le sport, ceux qui m\u00e8nent une vie s\u00e9dentaire ou ceux qui veulent se d\u00e9tendre.\" \/>\n<meta name=\"robots\" content=\"index, follow, max-snippet:-1, max-image-preview:large, max-video-preview:-1\" \/>\n<link rel=\"canonical\" href=\"https:\/\/www.lannagaia.com\/fr\/massages-thailandais-traditionnels\/\" \/>\n<meta property=\"og:locale\" content=\"fr_FR\" \/>\n<meta property=\"og:type\" content=\"article\" \/>\n<meta property=\"og:title\" content=\"Massage et soins tha\u00eflandais a Venise- Lanna Gaia\" \/>\n<meta property=\"og:description\" content=\"Des traitements naturels tha\u00eflandais pour soulager le stress musculaire. Id\u00e9al pour ceux qui pratiquent le sport, ceux qui m\u00e8nent une vie s\u00e9dentaire ou ceux qui veulent se d\u00e9tendre.\" \/>\n<meta property=\"og:url\" content=\"https:\/\/www.lannagaia.com\/fr\/massages-thailandais-traditionnels\/\" \/>\n<meta property=\"og:site_name\" content=\"Lanna Gaia Venezia\" \/>\n<meta property=\"article:modified_time\" content=\"2022-03-14T15:10:31+00:00\" \/>\n<meta name=\"twitter:card\" content=\"summary_large_image\" \/>\n<meta name=\"twitter:label1\" value=\"\u00c9crit par\">\n\t<meta name=\"twitter:data1\" value=\"newwave-admin\">\n\t<meta name=\"twitter:label2\" value=\"Dur\u00e9e de lecture est.\">\n\t<meta name=\"twitter:data2\" value=\"0 minute\">\n<script type=\"application\/ld+json\" class=\"yoast-schema-graph\">{\"@context\":\"https:\/\/schema.org\",\"@graph\":[{\"@type\":\"WebSite\",\"@id\":\"https:\/\/www.lannagaia.com\/#website\",\"url\":\"https:\/\/www.lannagaia.com\/\",\"name\":\"Lanna Gaia Venezia\",\"description\":\"Centro benessere a Venezia e Thai Spa\",\"inLanguage\":\"fr-FR\"},{\"@type\":\"WebPage\",\"@id\":\"https:\/\/www.lannagaia.com\/fr\/massages-thailandais-traditionnels\/#webpage\",\"url\":\"https:\/\/www.lannagaia.com\/fr\/massages-thailandais-traditionnels\/\",\"name\":\"Massage et soins tha\\u00eflandais a Venise- Lanna Gaia\",\"isPartOf\":{\"@id\":\"https:\/\/www.lannagaia.com\/#website\"},\"datePublished\":\"2021-01-13T10:00:08+00:00\",\"dateModified\":\"2022-03-14T15:10:31+00:00\",\"description\":\"Des traitements naturels tha\\u00eflandais pour soulager le stress musculaire. Id\\u00e9al pour ceux qui pratiquent le sport, ceux qui m\\u00e8nent une vie s\\u00e9dentaire ou ceux qui veulent se d\\u00e9tendre.\",\"inLanguage\":\"fr-FR\",\"potentialAction\":[{\"@type\":\"ReadAction\",\"target\":[\"https:\/\/www.lannagaia.com\/fr\/massages-thailandais-traditionnels\/\"]}]}]}<\/script>\n<!-- \/ Yoast SEO plugin. -->","_links":{"self":[{"href":"https:\/\/www.lannagaia.com\/fr\/wp-json\/wp\/v2\/pages\/1728"}],"collection":[{"href":"https:\/\/www.lannagaia.com\/fr\/wp-json\/wp\/v2\/pages"}],"about":[{"href":"https:\/\/www.lannagaia.com\/fr\/wp-json\/wp\/v2\/types\/page"}],"author":[{"embeddable":true,"href":"https:\/\/www.lannagaia.com\/fr\/wp-json\/wp\/v2\/users\/1"}],"replies":[{"embeddable":true,"href":"https:\/\/www.lannagaia.com\/fr\/wp-json\/wp\/v2\/comments?post=1728"}],"version-history":[{"count":5,"href":"https:\/\/www.lannagaia.com\/fr\/wp-json\/wp\/v2\/pages\/1728\/revisions"}],"predecessor-version":[{"id":2410,"href":"https:\/\/www.lannagaia.com\/fr\/wp-json\/wp\/v2\/pages\/1728\/revisions\/2410"}],"wp:attachment":[{"href":"https:\/\/www.lannagaia.com\/fr\/wp-json\/wp\/v2\/media?parent=1728"}],"curies":[{"name":"wp","href":"https:\/\/api.w.org\/{rel}","templated":true}]}}