{"id":1897,"date":"2021-01-13T11:00:08","date_gmt":"2021-01-13T10:00:08","guid":{"rendered":"https:\/\/www.lannagaia.com\/massaggi-thailandesi-tradizionali\/"},"modified":"2022-03-14T16:30:58","modified_gmt":"2022-03-14T15:30:58","slug":"massage-thai-tradition","status":"publish","type":"page","link":"https:\/\/www.lannagaia.com\/de\/massage-thai-tradition\/","title":{"rendered":"Verspannte Muskeln l\u00f6sen"},"content":{"rendered":"<p>&nbsp;<\/p>\n<p>&nbsp;<\/p>\n<p>&nbsp;<\/p>\n<p>&nbsp;<\/p>\n<p>&nbsp;<\/p>\n<p>&nbsp;<\/p>\n<p>&nbsp;<\/p>\n<p>&nbsp;<\/p>\n","protected":false},"excerpt":{"rendered":"<p>&nbsp; &nbsp; &nbsp; &nbsp; &nbsp; &nbsp; &nbsp; &nbsp;<\/p>\n","protected":false},"author":1,"featured_media":0,"parent":0,"menu_order":0,"comment_status":"closed","ping_status":"closed","template":"tmpl_beneficio.php","meta":[],"yoast_head":"<!-- This site is optimized with the Yoast SEO plugin v15.2 - https:\/\/yoast.com\/wordpress\/plugins\/seo\/ -->\n<title>Thai massage Veneding - Spa Lanna Gaia<\/title>\n<meta name=\"description\" content=\"Nat\u00fcrliche thail\u00e4ndische Behandlungen zur Linderung von Muskelstress. Ideal f\u00fcr Sportler, Bewegungshungrige oder Entspannende.\" \/>\n<meta name=\"robots\" content=\"index, follow, max-snippet:-1, max-image-preview:large, max-video-preview:-1\" \/>\n<link rel=\"canonical\" href=\"https:\/\/www.lannagaia.com\/de\/massage-thai-tradition\/\" \/>\n<meta property=\"og:locale\" content=\"de_DE\" \/>\n<meta property=\"og:type\" content=\"article\" \/>\n<meta property=\"og:title\" content=\"Thai massage Veneding - Spa Lanna Gaia\" \/>\n<meta property=\"og:description\" content=\"Nat\u00fcrliche thail\u00e4ndische Behandlungen zur Linderung von Muskelstress. Ideal f\u00fcr Sportler, Bewegungshungrige oder Entspannende.\" \/>\n<meta property=\"og:url\" content=\"https:\/\/www.lannagaia.com\/de\/massage-thai-tradition\/\" \/>\n<meta property=\"og:site_name\" content=\"Lanna Gaia Venezia\" \/>\n<meta property=\"article:modified_time\" content=\"2022-03-14T15:30:58+00:00\" \/>\n<meta name=\"twitter:card\" content=\"summary_large_image\" \/>\n<meta name=\"twitter:label1\" value=\"Written by\">\n\t<meta name=\"twitter:data1\" value=\"newwave-admin\">\n\t<meta name=\"twitter:label2\" value=\"Est. reading time\">\n\t<meta name=\"twitter:data2\" value=\"0\u00a0Minuten\">\n<script type=\"application\/ld+json\" class=\"yoast-schema-graph\">{\"@context\":\"https:\/\/schema.org\",\"@graph\":[{\"@type\":\"WebSite\",\"@id\":\"https:\/\/www.lannagaia.com\/#website\",\"url\":\"https:\/\/www.lannagaia.com\/\",\"name\":\"Lanna Gaia Venezia\",\"description\":\"Centro benessere a Venezia e Thai Spa\",\"inLanguage\":\"de\"},{\"@type\":\"WebPage\",\"@id\":\"https:\/\/www.lannagaia.com\/de\/massage-thai-tradition\/#webpage\",\"url\":\"https:\/\/www.lannagaia.com\/de\/massage-thai-tradition\/\",\"name\":\"Thai massage Veneding - Spa Lanna Gaia\",\"isPartOf\":{\"@id\":\"https:\/\/www.lannagaia.com\/#website\"},\"datePublished\":\"2021-01-13T10:00:08+00:00\",\"dateModified\":\"2022-03-14T15:30:58+00:00\",\"description\":\"Nat\\u00fcrliche thail\\u00e4ndische Behandlungen zur Linderung von Muskelstress. Ideal f\\u00fcr Sportler, Bewegungshungrige oder Entspannende.\",\"inLanguage\":\"de\",\"potentialAction\":[{\"@type\":\"ReadAction\",\"target\":[\"https:\/\/www.lannagaia.com\/de\/massage-thai-tradition\/\"]}]}]}<\/script>\n<!-- \/ Yoast SEO plugin. -->","_links":{"self":[{"href":"https:\/\/www.lannagaia.com\/de\/wp-json\/wp\/v2\/pages\/1897"}],"collection":[{"href":"https:\/\/www.lannagaia.com\/de\/wp-json\/wp\/v2\/pages"}],"about":[{"href":"https:\/\/www.lannagaia.com\/de\/wp-json\/wp\/v2\/types\/page"}],"author":[{"embeddable":true,"href":"https:\/\/www.lannagaia.com\/de\/wp-json\/wp\/v2\/users\/1"}],"replies":[{"embeddable":true,"href":"https:\/\/www.lannagaia.com\/de\/wp-json\/wp\/v2\/comments?post=1897"}],"version-history":[{"count":4,"href":"https:\/\/www.lannagaia.com\/de\/wp-json\/wp\/v2\/pages\/1897\/revisions"}],"predecessor-version":[{"id":2412,"href":"https:\/\/www.lannagaia.com\/de\/wp-json\/wp\/v2\/pages\/1897\/revisions\/2412"}],"wp:attachment":[{"href":"https:\/\/www.lannagaia.com\/de\/wp-json\/wp\/v2\/media?parent=1897"}],"curies":[{"name":"wp","href":"https:\/\/api.w.org\/{rel}","templated":true}]}}