{"id":1882,"date":"2021-01-18T10:16:03","date_gmt":"2021-01-18T09:16:03","guid":{"rendered":"https:\/\/www.lannagaia.com\/rituali-thailandesi-equilibrio\/"},"modified":"2022-03-14T16:29:49","modified_gmt":"2022-03-14T15:29:49","slug":"rituale-thai-balance-ist","status":"publish","type":"page","link":"https:\/\/www.lannagaia.com\/de\/rituale-thai-balance-ist\/","title":{"rendered":"Regeneration f\u00fcr K\u00f6rper und Geist"},"content":{"rendered":"<p>&nbsp;<\/p>\n<p>&nbsp;<\/p>\n","protected":false},"excerpt":{"rendered":"<p>&nbsp; &nbsp;<\/p>\n","protected":false},"author":2,"featured_media":0,"parent":0,"menu_order":0,"comment_status":"closed","ping_status":"closed","template":"tmpl_beneficio.php","meta":[],"yoast_head":"<!-- This site is optimized with the Yoast SEO plugin v15.2 - https:\/\/yoast.com\/wordpress\/plugins\/seo\/ -->\n<title>Thail\u00e4ndische Rituale - Wellness und Entspannung - Lanna Gaia<\/title>\n<meta name=\"description\" content=\"Finden Sie Ihr Gleichgewicht mit den thail\u00e4ndischen K\u00f6rper- und Kopfritualen von Lanna Gaia. Eine holistische Massage in Venedig mit aromatischen \u00d6len.\" \/>\n<meta name=\"robots\" content=\"index, follow, max-snippet:-1, max-image-preview:large, max-video-preview:-1\" \/>\n<link rel=\"canonical\" href=\"https:\/\/www.lannagaia.com\/de\/rituale-thai-balance-ist\/\" \/>\n<meta property=\"og:locale\" content=\"de_DE\" \/>\n<meta property=\"og:type\" content=\"article\" \/>\n<meta property=\"og:title\" content=\"Thail\u00e4ndische Rituale - Wellness und Entspannung - Lanna Gaia\" \/>\n<meta property=\"og:description\" content=\"Finden Sie Ihr Gleichgewicht mit den thail\u00e4ndischen K\u00f6rper- und Kopfritualen von Lanna Gaia. Eine holistische Massage in Venedig mit aromatischen \u00d6len.\" \/>\n<meta property=\"og:url\" content=\"https:\/\/www.lannagaia.com\/de\/rituale-thai-balance-ist\/\" \/>\n<meta property=\"og:site_name\" content=\"Lanna Gaia Venezia\" \/>\n<meta property=\"article:modified_time\" content=\"2022-03-14T15:29:49+00:00\" \/>\n<meta name=\"twitter:card\" content=\"summary_large_image\" \/>\n<meta name=\"twitter:label1\" value=\"Written by\">\n\t<meta name=\"twitter:data1\" value=\"tessari-admin\">\n\t<meta name=\"twitter:label2\" value=\"Est. reading time\">\n\t<meta name=\"twitter:data2\" value=\"0\u00a0Minuten\">\n<script type=\"application\/ld+json\" class=\"yoast-schema-graph\">{\"@context\":\"https:\/\/schema.org\",\"@graph\":[{\"@type\":\"WebSite\",\"@id\":\"https:\/\/www.lannagaia.com\/#website\",\"url\":\"https:\/\/www.lannagaia.com\/\",\"name\":\"Lanna Gaia Venezia\",\"description\":\"Centro benessere a Venezia e Thai Spa\",\"inLanguage\":\"de\"},{\"@type\":\"WebPage\",\"@id\":\"https:\/\/www.lannagaia.com\/de\/rituale-thai-balance-ist\/#webpage\",\"url\":\"https:\/\/www.lannagaia.com\/de\/rituale-thai-balance-ist\/\",\"name\":\"Thail\\u00e4ndische Rituale - Wellness und Entspannung - Lanna Gaia\",\"isPartOf\":{\"@id\":\"https:\/\/www.lannagaia.com\/#website\"},\"datePublished\":\"2021-01-18T09:16:03+00:00\",\"dateModified\":\"2022-03-14T15:29:49+00:00\",\"description\":\"Finden Sie Ihr Gleichgewicht mit den thail\\u00e4ndischen K\\u00f6rper- und Kopfritualen von Lanna Gaia. Eine holistische Massage in Venedig mit aromatischen \\u00d6len.\",\"inLanguage\":\"de\",\"potentialAction\":[{\"@type\":\"ReadAction\",\"target\":[\"https:\/\/www.lannagaia.com\/de\/rituale-thai-balance-ist\/\"]}]}]}<\/script>\n<!-- \/ Yoast SEO plugin. -->","_links":{"self":[{"href":"https:\/\/www.lannagaia.com\/de\/wp-json\/wp\/v2\/pages\/1882"}],"collection":[{"href":"https:\/\/www.lannagaia.com\/de\/wp-json\/wp\/v2\/pages"}],"about":[{"href":"https:\/\/www.lannagaia.com\/de\/wp-json\/wp\/v2\/types\/page"}],"author":[{"embeddable":true,"href":"https:\/\/www.lannagaia.com\/de\/wp-json\/wp\/v2\/users\/2"}],"replies":[{"embeddable":true,"href":"https:\/\/www.lannagaia.com\/de\/wp-json\/wp\/v2\/comments?post=1882"}],"version-history":[{"count":6,"href":"https:\/\/www.lannagaia.com\/de\/wp-json\/wp\/v2\/pages\/1882\/revisions"}],"predecessor-version":[{"id":2411,"href":"https:\/\/www.lannagaia.com\/de\/wp-json\/wp\/v2\/pages\/1882\/revisions\/2411"}],"wp:attachment":[{"href":"https:\/\/www.lannagaia.com\/de\/wp-json\/wp\/v2\/media?parent=1882"}],"curies":[{"name":"wp","href":"https:\/\/api.w.org\/{rel}","templated":true}]}}